{"id":5870,"date":"2024-07-29T11:35:29","date_gmt":"2024-07-29T10:35:29","guid":{"rendered":"https:\/\/www.campingridaura.com\/?page_id=5870"},"modified":"2024-11-05T09:28:23","modified_gmt":"2024-11-05T08:28:23","slug":"message-envoye","status":"publish","type":"page","link":"https:\/\/www.campingridaura.com\/fr\/message-envoye\/","title":{"rendered":"Message envoy\u00e9"},"content":{"rendered":"\t\t<div data-elementor-type=\"wp-page\" data-elementor-id=\"5870\" class=\"elementor elementor-5870 elementor-5581\">\n\t\t\t\t<div class=\"elementor-element elementor-element-722706c e-flex e-con-boxed e-con e-parent\" data-id=\"722706c\" data-element_type=\"container\" data-e-type=\"container\">\n\t\t\t\t\t<div class=\"e-con-inner\">\n\t\t\t\t\t<\/div>\n\t\t\t\t<\/div>\n\t\t<div class=\"elementor-element elementor-element-2a13917 e-flex e-con-boxed e-con e-parent\" data-id=\"2a13917\" data-element_type=\"container\" data-e-type=\"container\">\n\t\t\t\t\t<div class=\"e-con-inner\">\n\t\t\t\t<div class=\"elementor-element elementor-element-ee1175d elementor-widget elementor-widget-spacer\" data-id=\"ee1175d\" data-element_type=\"widget\" data-e-type=\"widget\" data-widget_type=\"spacer.default\">\n\t\t\t\t<div class=\"elementor-widget-container\">\n\t\t\t\t\t\t\t<div class=\"elementor-spacer\">\n\t\t\t<div class=\"elementor-spacer-inner\"><\/div>\n\t\t<\/div>\n\t\t\t\t\t\t<\/div>\n\t\t\t\t<\/div>\n\t\t\t\t\t<\/div>\n\t\t\t\t<\/div>\n\t\t<div class=\"elementor-element elementor-element-bad81bd e-flex e-con-boxed e-con e-parent\" data-id=\"bad81bd\" data-element_type=\"container\" data-e-type=\"container\">\n\t\t\t\t\t<div class=\"e-con-inner\">\n\t\t<div class=\"elementor-element elementor-element-c56cf8f e-con-full e-flex e-con e-child\" data-id=\"c56cf8f\" data-element_type=\"container\" data-e-type=\"container\">\n\t\t\t\t<div class=\"elementor-element elementor-element-38b0839 elementor-widget elementor-widget-qi_addons_for_elementor_animated_text\" data-id=\"38b0839\" data-element_type=\"widget\" data-e-type=\"widget\" data-widget_type=\"qi_addons_for_elementor_animated_text.default\">\n\t\t\t\t<div class=\"elementor-widget-container\">\n\t\t\t\t\t<div class=\"qodef-shortcode qodef-m qodef-qi-animated-text qodef--alignment-left qodef-qi--has-appear qodef--appear-from-bottom\" >\n\t\t<h2 class=\"qodef-m-title\">\n\t\tFormulaire envoy\u00e9 avec succ\u00e8s !\t<\/h2>\n<\/div>\n\t\t\t\t<\/div>\n\t\t\t\t<\/div>\n\t\t\t\t<div class=\"elementor-element elementor-element-5ded0b2 elementor-widget elementor-widget-text-editor\" data-id=\"5ded0b2\" data-element_type=\"widget\" data-e-type=\"widget\" data-widget_type=\"text-editor.default\">\n\t\t\t\t<div class=\"elementor-widget-container\">\n\t\t\t\t\t\t\t\t\t<p>C\u00e0mping Ridaura vous contactera dans les 12 heures.<\/p><p><span style=\"text-decoration: underline;\">Dans le cas contraire :<\/span><br \/>&#8211; V\u00e9rifiez que notre r\u00e9ponse ne se trouve pas dans votre dossier \u00ab spam \u00bb ou \u00ab courrier ind\u00e9sirable \u00bb.<br \/>&#8211; Appelez-nous au 0034 639 434557<\/p><p>Nous vous remercions de votre attention.<\/p>\t\t\t\t\t\t\t\t<\/div>\n\t\t\t\t<\/div>\n\t\t\t\t<div class=\"elementor-element elementor-element-2fc8e05 elementor-widget elementor-widget-kamperen_core_button\" data-id=\"2fc8e05\" data-element_type=\"widget\" data-e-type=\"widget\" data-widget_type=\"kamperen_core_button.default\">\n\t\t\t\t<div class=\"elementor-widget-container\">\n\t\t\t\t\t<a class=\"qodef-shortcode qodef-m  qodef-button qodef-layout--filled  qodef-html--link\" href=\"https:\/\/www.campingridaura.com\/\" target=\"_self\"  >\n\t<span class=\"qodef-m-text\">Retour au d\u00e9but<\/span>\n<\/a>\n\t\t\t\t<\/div>\n\t\t\t\t<\/div>\n\t\t\t\t<\/div>\n\t\t<div class=\"elementor-element elementor-element-03f9445 e-con-full e-flex e-con e-child\" data-id=\"03f9445\" data-element_type=\"container\" data-e-type=\"container\">\n\t\t\t\t<div class=\"elementor-element elementor-element-a7a37ef elementor-widget elementor-widget-text-editor\" data-id=\"a7a37ef\" data-element_type=\"widget\" data-e-type=\"widget\" data-widget_type=\"text-editor.default\">\n\t\t\t\t<div class=\"elementor-widget-container\">\n\t\t\t\t\t\t\t\t\t<div class=\"elementor-element elementor-element-8bdf3cb elementor-widget elementor-widget-text-editor\" data-id=\"8bdf3cb\" data-element_type=\"widget\" data-widget_type=\"text-editor.default\"><div class=\"elementor-widget-container\"><h4>Envia\u2019ns un missatge a info@campingridaura.com<\/h4><\/div><\/div><div class=\"elementor-element elementor-element-1019622 elementor-widget elementor-widget-kamperen_core_section_title\" data-id=\"1019622\" data-element_type=\"widget\" data-widget_type=\"kamperen_core_section_title.default\"><div class=\"elementor-widget-container\"><div class=\"qodef-shortcode qodef-m qodef-section-title qodef-alignment--left qodef--appeared\"><p class=\"qodef-m-text\">Tel\u00e8fon de contacte: +34 639 434 557<\/p><\/div><\/div><\/div><div class=\"elementor-element elementor-element-6d13757 elementor-widget elementor-widget-text-editor\" data-id=\"6d13757\" data-element_type=\"widget\" data-widget_type=\"text-editor.default\"><div class=\"elementor-widget-container\"><p><a href=\"mailto:info@campingridaura.com\">Email: info@campingridaura.com<\/a><\/p><\/div><\/div>\t\t\t\t\t\t\t\t<\/div>\n\t\t\t\t<\/div>\n\t\t\t\t<\/div>\n\t\t\t\t\t<\/div>\n\t\t\t\t<\/div>\n\t\t<div class=\"elementor-element elementor-element-b00c465 e-flex e-con-boxed e-con e-parent\" data-id=\"b00c465\" data-element_type=\"container\" data-e-type=\"container\">\n\t\t\t\t\t<div class=\"e-con-inner\">\n\t\t\t\t<div class=\"elementor-element elementor-element-13b9315 elementor-widget elementor-widget-spacer\" data-id=\"13b9315\" data-element_type=\"widget\" data-e-type=\"widget\" data-widget_type=\"spacer.default\">\n\t\t\t\t<div class=\"elementor-widget-container\">\n\t\t\t\t\t\t\t<div class=\"elementor-spacer\">\n\t\t\t<div class=\"elementor-spacer-inner\"><\/div>\n\t\t<\/div>\n\t\t\t\t\t\t<\/div>\n\t\t\t\t<\/div>\n\t\t\t\t\t<\/div>\n\t\t\t\t<\/div>\n\t\t\t\t<\/div>\n\t\t","protected":false},"excerpt":{"rendered":"<p>Formulaire envoy\u00e9 avec succ\u00e8s ! C\u00e0mping Ridaura vous contactera dans les 12 heures. Dans le cas contraire :&#8211; V\u00e9rifiez que notre r\u00e9ponse ne se trouve pas dans votre dossier \u00ab spam \u00bb ou \u00ab courrier ind\u00e9sirable \u00bb.&#8211; Appelez-nous au 0034 639 434557 Nous vous remercions de votre attention. Retour au d\u00e9but Envia\u2019ns un missatge a [&hellip;]<\/p>\n","protected":false},"author":2,"featured_media":0,"parent":0,"menu_order":0,"comment_status":"closed","ping_status":"closed","template":"page-full-width.php","meta":{"footnotes":""},"class_list":["post-5870","page","type-page","status-publish","hentry"],"yoast_head":"<!-- This site is optimized with the Yoast SEO plugin v27.4 - https:\/\/yoast.com\/product\/yoast-seo-wordpress\/ -->\n<title>Message envoy\u00e9 - Camping Ridaura<\/title>\n<meta name=\"robots\" content=\"index, follow, max-snippet:-1, max-image-preview:large, max-video-preview:-1\" \/>\n<link rel=\"canonical\" href=\"https:\/\/www.campingridaura.com\/fr\/message-envoye\/\" \/>\n<meta property=\"og:locale\" content=\"fr_FR\" \/>\n<meta property=\"og:type\" content=\"article\" \/>\n<meta property=\"og:title\" content=\"Message envoy\u00e9 - Camping Ridaura\" \/>\n<meta property=\"og:description\" content=\"Formulaire envoy\u00e9 avec succ\u00e8s ! C\u00e0mping Ridaura vous contactera dans les 12 heures. Dans le cas contraire :&#8211; V\u00e9rifiez que notre r\u00e9ponse ne se trouve pas dans votre dossier \u00ab spam \u00bb ou \u00ab courrier ind\u00e9sirable \u00bb.&#8211; Appelez-nous au 0034 639 434557 Nous vous remercions de votre attention. Retour au d\u00e9but Envia\u2019ns un missatge a [&hellip;]\" \/>\n<meta property=\"og:url\" content=\"https:\/\/www.campingridaura.com\/fr\/message-envoye\/\" \/>\n<meta property=\"og:site_name\" content=\"Camping Ridaura\" \/>\n<meta property=\"article:modified_time\" content=\"2024-11-05T08:28:23+00:00\" \/>\n<meta name=\"twitter:card\" content=\"summary_large_image\" \/>\n<meta name=\"twitter:label1\" content=\"Dur\u00e9e de lecture estim\u00e9e\" \/>\n\t<meta name=\"twitter:data1\" content=\"1 minute\" \/>\n<script type=\"application\/ld+json\" class=\"yoast-schema-graph\">{\"@context\":\"https:\\\/\\\/schema.org\",\"@graph\":[{\"@type\":\"WebPage\",\"@id\":\"https:\\\/\\\/www.campingridaura.com\\\/fr\\\/message-envoye\\\/\",\"url\":\"https:\\\/\\\/www.campingridaura.com\\\/fr\\\/message-envoye\\\/\",\"name\":\"Message envoy\u00e9 - Camping Ridaura\",\"isPartOf\":{\"@id\":\"https:\\\/\\\/www.campingridaura.com\\\/fr\\\/#website\"},\"datePublished\":\"2024-07-29T10:35:29+00:00\",\"dateModified\":\"2024-11-05T08:28:23+00:00\",\"breadcrumb\":{\"@id\":\"https:\\\/\\\/www.campingridaura.com\\\/fr\\\/message-envoye\\\/#breadcrumb\"},\"inLanguage\":\"fr-FR\",\"potentialAction\":[{\"@type\":\"ReadAction\",\"target\":[\"https:\\\/\\\/www.campingridaura.com\\\/fr\\\/message-envoye\\\/\"]}]},{\"@type\":\"BreadcrumbList\",\"@id\":\"https:\\\/\\\/www.campingridaura.com\\\/fr\\\/message-envoye\\\/#breadcrumb\",\"itemListElement\":[{\"@type\":\"ListItem\",\"position\":1,\"name\":\"Inici\",\"item\":\"https:\\\/\\\/www.campingridaura.com\\\/fr\\\/\"},{\"@type\":\"ListItem\",\"position\":2,\"name\":\"Message envoy\u00e9\"}]},{\"@type\":\"WebSite\",\"@id\":\"https:\\\/\\\/www.campingridaura.com\\\/fr\\\/#website\",\"url\":\"https:\\\/\\\/www.campingridaura.com\\\/fr\\\/\",\"name\":\"C\u00e0mping Ridaura\",\"description\":\"Vacances en familia!\",\"publisher\":{\"@id\":\"https:\\\/\\\/www.campingridaura.com\\\/fr\\\/#organization\"},\"potentialAction\":[{\"@type\":\"SearchAction\",\"target\":{\"@type\":\"EntryPoint\",\"urlTemplate\":\"https:\\\/\\\/www.campingridaura.com\\\/fr\\\/?s={search_term_string}\"},\"query-input\":{\"@type\":\"PropertyValueSpecification\",\"valueRequired\":true,\"valueName\":\"search_term_string\"}}],\"inLanguage\":\"fr-FR\"},{\"@type\":\"Organization\",\"@id\":\"https:\\\/\\\/www.campingridaura.com\\\/fr\\\/#organization\",\"name\":\"C\u00e0mping Ridaura\",\"url\":\"https:\\\/\\\/www.campingridaura.com\\\/fr\\\/\",\"logo\":{\"@type\":\"ImageObject\",\"inLanguage\":\"fr-FR\",\"@id\":\"https:\\\/\\\/www.campingridaura.com\\\/fr\\\/#\\\/schema\\\/logo\\\/image\\\/\",\"url\":\"https:\\\/\\\/www.campingridaura.com\\\/wp-content\\\/uploads\\\/2024\\\/03\\\/logo-camping-ridaura-min.png\",\"contentUrl\":\"https:\\\/\\\/www.campingridaura.com\\\/wp-content\\\/uploads\\\/2024\\\/03\\\/logo-camping-ridaura-min.png\",\"width\":608,\"height\":438,\"caption\":\"C\u00e0mping Ridaura\"},\"image\":{\"@id\":\"https:\\\/\\\/www.campingridaura.com\\\/fr\\\/#\\\/schema\\\/logo\\\/image\\\/\"},\"sameAs\":[\"https:\\\/\\\/www.instagram.com\\\/campingridaura\\\/\"]}]}<\/script>\n<!-- \/ Yoast SEO plugin. -->","yoast_head_json":{"title":"Message envoy\u00e9 - Camping Ridaura","robots":{"index":"index","follow":"follow","max-snippet":"max-snippet:-1","max-image-preview":"max-image-preview:large","max-video-preview":"max-video-preview:-1"},"canonical":"https:\/\/www.campingridaura.com\/fr\/message-envoye\/","og_locale":"fr_FR","og_type":"article","og_title":"Message envoy\u00e9 - Camping Ridaura","og_description":"Formulaire envoy\u00e9 avec succ\u00e8s ! C\u00e0mping Ridaura vous contactera dans les 12 heures. Dans le cas contraire :&#8211; V\u00e9rifiez que notre r\u00e9ponse ne se trouve pas dans votre dossier \u00ab spam \u00bb ou \u00ab courrier ind\u00e9sirable \u00bb.&#8211; Appelez-nous au 0034 639 434557 Nous vous remercions de votre attention. Retour au d\u00e9but Envia\u2019ns un missatge a [&hellip;]","og_url":"https:\/\/www.campingridaura.com\/fr\/message-envoye\/","og_site_name":"Camping Ridaura","article_modified_time":"2024-11-05T08:28:23+00:00","twitter_card":"summary_large_image","twitter_misc":{"Dur\u00e9e de lecture estim\u00e9e":"1 minute"},"schema":{"@context":"https:\/\/schema.org","@graph":[{"@type":"WebPage","@id":"https:\/\/www.campingridaura.com\/fr\/message-envoye\/","url":"https:\/\/www.campingridaura.com\/fr\/message-envoye\/","name":"Message envoy\u00e9 - Camping Ridaura","isPartOf":{"@id":"https:\/\/www.campingridaura.com\/fr\/#website"},"datePublished":"2024-07-29T10:35:29+00:00","dateModified":"2024-11-05T08:28:23+00:00","breadcrumb":{"@id":"https:\/\/www.campingridaura.com\/fr\/message-envoye\/#breadcrumb"},"inLanguage":"fr-FR","potentialAction":[{"@type":"ReadAction","target":["https:\/\/www.campingridaura.com\/fr\/message-envoye\/"]}]},{"@type":"BreadcrumbList","@id":"https:\/\/www.campingridaura.com\/fr\/message-envoye\/#breadcrumb","itemListElement":[{"@type":"ListItem","position":1,"name":"Inici","item":"https:\/\/www.campingridaura.com\/fr\/"},{"@type":"ListItem","position":2,"name":"Message envoy\u00e9"}]},{"@type":"WebSite","@id":"https:\/\/www.campingridaura.com\/fr\/#website","url":"https:\/\/www.campingridaura.com\/fr\/","name":"C\u00e0mping Ridaura","description":"Vacances en familia!","publisher":{"@id":"https:\/\/www.campingridaura.com\/fr\/#organization"},"potentialAction":[{"@type":"SearchAction","target":{"@type":"EntryPoint","urlTemplate":"https:\/\/www.campingridaura.com\/fr\/?s={search_term_string}"},"query-input":{"@type":"PropertyValueSpecification","valueRequired":true,"valueName":"search_term_string"}}],"inLanguage":"fr-FR"},{"@type":"Organization","@id":"https:\/\/www.campingridaura.com\/fr\/#organization","name":"C\u00e0mping Ridaura","url":"https:\/\/www.campingridaura.com\/fr\/","logo":{"@type":"ImageObject","inLanguage":"fr-FR","@id":"https:\/\/www.campingridaura.com\/fr\/#\/schema\/logo\/image\/","url":"https:\/\/www.campingridaura.com\/wp-content\/uploads\/2024\/03\/logo-camping-ridaura-min.png","contentUrl":"https:\/\/www.campingridaura.com\/wp-content\/uploads\/2024\/03\/logo-camping-ridaura-min.png","width":608,"height":438,"caption":"C\u00e0mping Ridaura"},"image":{"@id":"https:\/\/www.campingridaura.com\/fr\/#\/schema\/logo\/image\/"},"sameAs":["https:\/\/www.instagram.com\/campingridaura\/"]}]}},"_links":{"self":[{"href":"https:\/\/www.campingridaura.com\/fr\/wp-json\/wp\/v2\/pages\/5870","targetHints":{"allow":["GET"]}}],"collection":[{"href":"https:\/\/www.campingridaura.com\/fr\/wp-json\/wp\/v2\/pages"}],"about":[{"href":"https:\/\/www.campingridaura.com\/fr\/wp-json\/wp\/v2\/types\/page"}],"author":[{"embeddable":true,"href":"https:\/\/www.campingridaura.com\/fr\/wp-json\/wp\/v2\/users\/2"}],"replies":[{"embeddable":true,"href":"https:\/\/www.campingridaura.com\/fr\/wp-json\/wp\/v2\/comments?post=5870"}],"version-history":[{"count":6,"href":"https:\/\/www.campingridaura.com\/fr\/wp-json\/wp\/v2\/pages\/5870\/revisions"}],"predecessor-version":[{"id":5876,"href":"https:\/\/www.campingridaura.com\/fr\/wp-json\/wp\/v2\/pages\/5870\/revisions\/5876"}],"wp:attachment":[{"href":"https:\/\/www.campingridaura.com\/fr\/wp-json\/wp\/v2\/media?parent=5870"}],"curies":[{"name":"wp","href":"https:\/\/api.w.org\/{rel}","templated":true}]}}