{"id":5525,"date":"2024-06-01T11:58:18","date_gmt":"2024-06-01T10:58:18","guid":{"rendered":"https:\/\/www.campingridaura.com\/?page_id=5525"},"modified":"2024-06-30T17:22:52","modified_gmt":"2024-06-30T16:22:52","slug":"paypal","status":"publish","type":"page","link":"https:\/\/www.campingridaura.com\/es\/paypal\/","title":{"rendered":"PayPal"},"content":{"rendered":"\t\t<div data-elementor-type=\"wp-post\" data-elementor-id=\"5525\" class=\"elementor elementor-5525 elementor-5330\">\n\t\t\t\t<div class=\"elementor-element elementor-element-179bc15 e-flex e-con-boxed e-con e-parent\" data-id=\"179bc15\" data-element_type=\"container\" data-e-type=\"container\">\n\t\t\t\t\t<div class=\"e-con-inner\">\n\t\t\t\t<div class=\"elementor-element elementor-element-8cd5b3e elementor-widget elementor-widget-heading\" data-id=\"8cd5b3e\" data-element_type=\"widget\" data-e-type=\"widget\" data-widget_type=\"heading.default\">\n\t\t\t\t<div class=\"elementor-widget-container\">\n\t\t\t\t\t<h2 class=\"elementor-heading-title elementor-size-default\">C\u00e0mping Ridaura - PayPal<\/h2>\t\t\t\t<\/div>\n\t\t\t\t<\/div>\n\t\t\t\t\t<\/div>\n\t\t\t\t<\/div>\n\t\t<div class=\"elementor-element elementor-element-b57bdbf e-flex e-con-boxed e-con e-parent\" data-id=\"b57bdbf\" data-element_type=\"container\" data-e-type=\"container\">\n\t\t\t\t\t<div class=\"e-con-inner\">\n\t\t\t\t<div class=\"elementor-element elementor-element-5622bed elementor-widget elementor-widget-image\" data-id=\"5622bed\" data-element_type=\"widget\" data-e-type=\"widget\" data-widget_type=\"image.default\">\n\t\t\t\t<div class=\"elementor-widget-container\">\n\t\t\t\t\t\t\t\t\t\t\t\t\t\t\t<img decoding=\"async\" width=\"233\" height=\"26\" src=\"https:\/\/www.campingridaura.com\/wp-content\/uploads\/2024\/06\/4B.gif\" class=\"attachment-large size-large wp-image-5493\" alt=\"\" \/>\t\t\t\t\t\t\t\t\t\t\t\t\t\t\t<\/div>\n\t\t\t\t<\/div>\n\t\t\t\t\t<\/div>\n\t\t\t\t<\/div>\n\t\t<div class=\"elementor-element elementor-element-e4014b1 e-flex e-con-boxed e-con e-parent\" data-id=\"e4014b1\" data-element_type=\"container\" data-e-type=\"container\">\n\t\t\t\t\t<div class=\"e-con-inner\">\n\t\t\t\t<div class=\"elementor-element elementor-element-a8db601 elementor-widget elementor-widget-html\" data-id=\"a8db601\" data-element_type=\"widget\" data-e-type=\"widget\" data-widget_type=\"html.default\">\n\t\t\t\t<div class=\"elementor-widget-container\">\n\t\t\t\t\t<p style=\"text-align: center;\">\n    &nbsp;\n<\/p>\n\n<p style=\"text-align: center;\">\n    <span style=\"font-size:24px;\">\n        <u>\n            <strong>\n                <span style=\"font-family: verdana,geneva,sans-serif;\">\n                    Pago de reservas mediante PayPal:\n                <\/span>\n            <\/strong>\n        <\/u>\n    <\/span>\n<\/p>\n\n<hr \/>\n<center>\n<form action=\"https:\/\/www.paypal.com\/cgi-bin\/webscr\" method=\"post\" target=\"_top\">\n<input type=\"hidden\" name=\"cmd\" value=\"_s-xclick\">\n<input type=\"hidden\" name=\"hosted_button_id\" value=\"LWLP8LAKCXZWY\">\n<input type=\"image\" src=\"https:\/\/www.paypalobjects.com\/en_US\/i\/btn\/x-click-but6.gif\" border=\"0\" name=\"submit\" alt=\"PayPal - The safer, easier way to pay online!\">\n<img decoding=\"async\" alt=\"\" border=\"0\" src=\"https:\/\/www.paypalobjects.com\/en_US\/i\/scr\/pixel.gif\" width=\"1\" height=\"1\">\n<\/form>\n<\/center>\n\n    <p style=\"text-align: center;\">\n        <span style=\"font-size:16px;\">\n        <span style=\"font-family: verdana,geneva,sans-serif;\">\n        <span class=\"text\">\n        <span style=\"color: rgb(51, 51, 51);\">\n        <span style=\"line-height: 19px;\">\n            Usted pasar\u00e1 a un servidor seguro de PayPal, lugar donde todos<br \/>\n            sus datos ser\u00e1n confidenciales y de donde Camping Ridaura<br \/>\n            s\u00f3lo recibir\u00e1 el importe que usted all\u00ed ordene.\n        <\/span>\n        <\/span>\n        <\/span>\n        <\/span>\n        <\/span>\n    <\/p>\n\n\n<hr \/>\t\t\t\t<\/div>\n\t\t\t\t<\/div>\n\t\t\t\t\t<\/div>\n\t\t\t\t<\/div>\n\t\t<div class=\"elementor-element elementor-element-7e9104e e-flex e-con-boxed e-con e-parent\" data-id=\"7e9104e\" data-element_type=\"container\" data-e-type=\"container\">\n\t\t\t\t\t<div class=\"e-con-inner\">\n\t\t\t\t\t<\/div>\n\t\t\t\t<\/div>\n\t\t\t\t<\/div>\n\t\t","protected":false},"excerpt":{"rendered":"<p>C\u00e0mping Ridaura &#8211; PayPal &nbsp; Pago de reservas mediante PayPal: Usted pasar\u00e1 a un servidor seguro de PayPal, lugar donde todos sus datos ser\u00e1n confidenciales y de donde Camping Ridaura s\u00f3lo recibir\u00e1 el importe que usted all\u00ed ordene.<\/p>\n","protected":false},"author":2,"featured_media":0,"parent":0,"menu_order":0,"comment_status":"closed","ping_status":"closed","template":"","meta":{"footnotes":""},"class_list":["post-5525","page","type-page","status-publish","hentry"],"yoast_head":"<!-- This site is optimized with the Yoast SEO plugin v27.5 - https:\/\/yoast.com\/product\/yoast-seo-wordpress\/ -->\n<title>PayPal - Camping Ridaura<\/title>\n<meta name=\"robots\" content=\"index, follow, max-snippet:-1, max-image-preview:large, max-video-preview:-1\" \/>\n<link rel=\"canonical\" href=\"https:\/\/www.campingridaura.com\/es\/paypal\/\" \/>\n<meta property=\"og:locale\" content=\"es_ES\" \/>\n<meta property=\"og:type\" content=\"article\" \/>\n<meta property=\"og:title\" content=\"PayPal - Camping Ridaura\" \/>\n<meta property=\"og:description\" content=\"C\u00e0mping Ridaura &#8211; PayPal &nbsp; Pago de reservas mediante PayPal: Usted pasar\u00e1 a un servidor seguro de PayPal, lugar donde todos sus datos ser\u00e1n confidenciales y de donde Camping Ridaura s\u00f3lo recibir\u00e1 el importe que usted all\u00ed ordene.\" \/>\n<meta property=\"og:url\" content=\"https:\/\/www.campingridaura.com\/es\/paypal\/\" \/>\n<meta property=\"og:site_name\" content=\"Camping Ridaura\" \/>\n<meta property=\"article:modified_time\" content=\"2024-06-30T16:22:52+00:00\" \/>\n<meta property=\"og:image\" content=\"https:\/\/www.campingridaura.com\/wp-content\/uploads\/2024\/06\/4B.gif\" \/>\n<meta name=\"twitter:card\" content=\"summary_large_image\" \/>\n<meta name=\"twitter:label1\" content=\"Tiempo de lectura\" \/>\n\t<meta name=\"twitter:data1\" content=\"1 minuto\" \/>\n<script type=\"application\/ld+json\" class=\"yoast-schema-graph\">{\"@context\":\"https:\\\/\\\/schema.org\",\"@graph\":[{\"@type\":\"WebPage\",\"@id\":\"https:\\\/\\\/www.campingridaura.com\\\/es\\\/paypal\\\/\",\"url\":\"https:\\\/\\\/www.campingridaura.com\\\/es\\\/paypal\\\/\",\"name\":\"PayPal - Camping Ridaura\",\"isPartOf\":{\"@id\":\"https:\\\/\\\/www.campingridaura.com\\\/es\\\/#website\"},\"primaryImageOfPage\":{\"@id\":\"https:\\\/\\\/www.campingridaura.com\\\/es\\\/paypal\\\/#primaryimage\"},\"image\":{\"@id\":\"https:\\\/\\\/www.campingridaura.com\\\/es\\\/paypal\\\/#primaryimage\"},\"thumbnailUrl\":\"https:\\\/\\\/www.campingridaura.com\\\/wp-content\\\/uploads\\\/2024\\\/06\\\/4B.gif\",\"datePublished\":\"2024-06-01T10:58:18+00:00\",\"dateModified\":\"2024-06-30T16:22:52+00:00\",\"breadcrumb\":{\"@id\":\"https:\\\/\\\/www.campingridaura.com\\\/es\\\/paypal\\\/#breadcrumb\"},\"inLanguage\":\"es\",\"potentialAction\":[{\"@type\":\"ReadAction\",\"target\":[\"https:\\\/\\\/www.campingridaura.com\\\/es\\\/paypal\\\/\"]}]},{\"@type\":\"ImageObject\",\"inLanguage\":\"es\",\"@id\":\"https:\\\/\\\/www.campingridaura.com\\\/es\\\/paypal\\\/#primaryimage\",\"url\":\"https:\\\/\\\/www.campingridaura.com\\\/wp-content\\\/uploads\\\/2024\\\/06\\\/4B.gif\",\"contentUrl\":\"https:\\\/\\\/www.campingridaura.com\\\/wp-content\\\/uploads\\\/2024\\\/06\\\/4B.gif\"},{\"@type\":\"BreadcrumbList\",\"@id\":\"https:\\\/\\\/www.campingridaura.com\\\/es\\\/paypal\\\/#breadcrumb\",\"itemListElement\":[{\"@type\":\"ListItem\",\"position\":1,\"name\":\"Inici\",\"item\":\"https:\\\/\\\/www.campingridaura.com\\\/es\\\/\"},{\"@type\":\"ListItem\",\"position\":2,\"name\":\"PayPal\"}]},{\"@type\":\"WebSite\",\"@id\":\"https:\\\/\\\/www.campingridaura.com\\\/es\\\/#website\",\"url\":\"https:\\\/\\\/www.campingridaura.com\\\/es\\\/\",\"name\":\"C\u00e0mping Ridaura\",\"description\":\"Vacances en familia!\",\"publisher\":{\"@id\":\"https:\\\/\\\/www.campingridaura.com\\\/es\\\/#organization\"},\"potentialAction\":[{\"@type\":\"SearchAction\",\"target\":{\"@type\":\"EntryPoint\",\"urlTemplate\":\"https:\\\/\\\/www.campingridaura.com\\\/es\\\/?s={search_term_string}\"},\"query-input\":{\"@type\":\"PropertyValueSpecification\",\"valueRequired\":true,\"valueName\":\"search_term_string\"}}],\"inLanguage\":\"es\"},{\"@type\":\"Organization\",\"@id\":\"https:\\\/\\\/www.campingridaura.com\\\/es\\\/#organization\",\"name\":\"C\u00e0mping Ridaura\",\"url\":\"https:\\\/\\\/www.campingridaura.com\\\/es\\\/\",\"logo\":{\"@type\":\"ImageObject\",\"inLanguage\":\"es\",\"@id\":\"https:\\\/\\\/www.campingridaura.com\\\/es\\\/#\\\/schema\\\/logo\\\/image\\\/\",\"url\":\"https:\\\/\\\/www.campingridaura.com\\\/wp-content\\\/uploads\\\/2024\\\/03\\\/logo-camping-ridaura-min.png\",\"contentUrl\":\"https:\\\/\\\/www.campingridaura.com\\\/wp-content\\\/uploads\\\/2024\\\/03\\\/logo-camping-ridaura-min.png\",\"width\":608,\"height\":438,\"caption\":\"C\u00e0mping Ridaura\"},\"image\":{\"@id\":\"https:\\\/\\\/www.campingridaura.com\\\/es\\\/#\\\/schema\\\/logo\\\/image\\\/\"},\"sameAs\":[\"https:\\\/\\\/www.instagram.com\\\/campingridaura\\\/\"]}]}<\/script>\n<!-- \/ Yoast SEO plugin. -->","yoast_head_json":{"title":"PayPal - Camping Ridaura","robots":{"index":"index","follow":"follow","max-snippet":"max-snippet:-1","max-image-preview":"max-image-preview:large","max-video-preview":"max-video-preview:-1"},"canonical":"https:\/\/www.campingridaura.com\/es\/paypal\/","og_locale":"es_ES","og_type":"article","og_title":"PayPal - Camping Ridaura","og_description":"C\u00e0mping Ridaura &#8211; PayPal &nbsp; Pago de reservas mediante PayPal: Usted pasar\u00e1 a un servidor seguro de PayPal, lugar donde todos sus datos ser\u00e1n confidenciales y de donde Camping Ridaura s\u00f3lo recibir\u00e1 el importe que usted all\u00ed ordene.","og_url":"https:\/\/www.campingridaura.com\/es\/paypal\/","og_site_name":"Camping Ridaura","article_modified_time":"2024-06-30T16:22:52+00:00","og_image":[{"url":"https:\/\/www.campingridaura.com\/wp-content\/uploads\/2024\/06\/4B.gif","type":"","width":"","height":""}],"twitter_card":"summary_large_image","twitter_misc":{"Tiempo de lectura":"1 minuto"},"schema":{"@context":"https:\/\/schema.org","@graph":[{"@type":"WebPage","@id":"https:\/\/www.campingridaura.com\/es\/paypal\/","url":"https:\/\/www.campingridaura.com\/es\/paypal\/","name":"PayPal - Camping Ridaura","isPartOf":{"@id":"https:\/\/www.campingridaura.com\/es\/#website"},"primaryImageOfPage":{"@id":"https:\/\/www.campingridaura.com\/es\/paypal\/#primaryimage"},"image":{"@id":"https:\/\/www.campingridaura.com\/es\/paypal\/#primaryimage"},"thumbnailUrl":"https:\/\/www.campingridaura.com\/wp-content\/uploads\/2024\/06\/4B.gif","datePublished":"2024-06-01T10:58:18+00:00","dateModified":"2024-06-30T16:22:52+00:00","breadcrumb":{"@id":"https:\/\/www.campingridaura.com\/es\/paypal\/#breadcrumb"},"inLanguage":"es","potentialAction":[{"@type":"ReadAction","target":["https:\/\/www.campingridaura.com\/es\/paypal\/"]}]},{"@type":"ImageObject","inLanguage":"es","@id":"https:\/\/www.campingridaura.com\/es\/paypal\/#primaryimage","url":"https:\/\/www.campingridaura.com\/wp-content\/uploads\/2024\/06\/4B.gif","contentUrl":"https:\/\/www.campingridaura.com\/wp-content\/uploads\/2024\/06\/4B.gif"},{"@type":"BreadcrumbList","@id":"https:\/\/www.campingridaura.com\/es\/paypal\/#breadcrumb","itemListElement":[{"@type":"ListItem","position":1,"name":"Inici","item":"https:\/\/www.campingridaura.com\/es\/"},{"@type":"ListItem","position":2,"name":"PayPal"}]},{"@type":"WebSite","@id":"https:\/\/www.campingridaura.com\/es\/#website","url":"https:\/\/www.campingridaura.com\/es\/","name":"C\u00e0mping Ridaura","description":"Vacances en familia!","publisher":{"@id":"https:\/\/www.campingridaura.com\/es\/#organization"},"potentialAction":[{"@type":"SearchAction","target":{"@type":"EntryPoint","urlTemplate":"https:\/\/www.campingridaura.com\/es\/?s={search_term_string}"},"query-input":{"@type":"PropertyValueSpecification","valueRequired":true,"valueName":"search_term_string"}}],"inLanguage":"es"},{"@type":"Organization","@id":"https:\/\/www.campingridaura.com\/es\/#organization","name":"C\u00e0mping Ridaura","url":"https:\/\/www.campingridaura.com\/es\/","logo":{"@type":"ImageObject","inLanguage":"es","@id":"https:\/\/www.campingridaura.com\/es\/#\/schema\/logo\/image\/","url":"https:\/\/www.campingridaura.com\/wp-content\/uploads\/2024\/03\/logo-camping-ridaura-min.png","contentUrl":"https:\/\/www.campingridaura.com\/wp-content\/uploads\/2024\/03\/logo-camping-ridaura-min.png","width":608,"height":438,"caption":"C\u00e0mping Ridaura"},"image":{"@id":"https:\/\/www.campingridaura.com\/es\/#\/schema\/logo\/image\/"},"sameAs":["https:\/\/www.instagram.com\/campingridaura\/"]}]}},"_links":{"self":[{"href":"https:\/\/www.campingridaura.com\/es\/wp-json\/wp\/v2\/pages\/5525","targetHints":{"allow":["GET"]}}],"collection":[{"href":"https:\/\/www.campingridaura.com\/es\/wp-json\/wp\/v2\/pages"}],"about":[{"href":"https:\/\/www.campingridaura.com\/es\/wp-json\/wp\/v2\/types\/page"}],"author":[{"embeddable":true,"href":"https:\/\/www.campingridaura.com\/es\/wp-json\/wp\/v2\/users\/2"}],"replies":[{"embeddable":true,"href":"https:\/\/www.campingridaura.com\/es\/wp-json\/wp\/v2\/comments?post=5525"}],"version-history":[{"count":6,"href":"https:\/\/www.campingridaura.com\/es\/wp-json\/wp\/v2\/pages\/5525\/revisions"}],"predecessor-version":[{"id":5538,"href":"https:\/\/www.campingridaura.com\/es\/wp-json\/wp\/v2\/pages\/5525\/revisions\/5538"}],"wp:attachment":[{"href":"https:\/\/www.campingridaura.com\/es\/wp-json\/wp\/v2\/media?parent=5525"}],"curies":[{"name":"wp","href":"https:\/\/api.w.org\/{rel}","templated":true}]}}